{"id":93,"date":"2020-04-23T20:24:16","date_gmt":"2020-04-23T20:24:16","guid":{"rendered":"http:\/\/schlossmann-berlin.com\/?page_id=93"},"modified":"2020-05-25T09:09:57","modified_gmt":"2020-05-25T09:09:57","slug":"schluesselschneiden","status":"publish","type":"page","link":"https:\/\/schlossmann-berlin.com\/?page_id=93","title":{"rendered":"Schl\u00fcsselschneiden"},"content":{"rendered":"<p>[et_pb_section fb_built=&#8220;1&#8243; fullwidth=&#8220;on&#8220; disabled_on=&#8220;on|off|off&#8220; _builder_version=&#8220;4.3.2&#8243; locked=&#8220;off&#8220;][et_pb_fullwidth_header title=&#8220;Schl\u00fcsselschneiden&#8220; text_orientation=&#8220;center&#8220; button_one_text=&#8220;Jetzt Kontakt aufnehmen&#8220; button_one_url=&#8220;tel:03099546018&#8243; _builder_version=&#8220;4.3.2&#8243; title_font=&#8220;|700|||||||&#8220; title_text_align=&#8220;center&#8220; title_font_size=&#8220;56px&#8220; content_font=&#8220;|600|||||||&#8220; content_text_align=&#8220;center&#8220; content_font_size=&#8220;23px&#8220; content_line_height=&#8220;2em&#8220; background_color=&#8220;#424242&#8243; background_image=&#8220;https:\/\/schlossmann-berlin.com\/wp-content\/uploads\/2020\/04\/praxistipps.s3.amazonaws.com_schluessel-nachmachen-kosten-variieren-bild-pixabay-_82be96f4.jpg&#8220; background_blend=&#8220;overlay&#8220; custom_button_one=&#8220;on&#8220; custom_padding=&#8220;164px||200px|||&#8220;]<\/p>\n<p>Wir fertigen und schneiden f\u00fcr Sie <span>fast alle<\/span> Schl\u00fcssel an.<\/p>\n<p>Und das g\u00fcnstig schon ab 4,- Euro<\/p>\n<p>[\/et_pb_fullwidth_header][\/et_pb_section][et_pb_section fb_built=&#8220;1&#8243; disabled_on=&#8220;off|on|on&#8220; _builder_version=&#8220;4.3.2&#8243; background_color=&#8220;#686868&#8243; background_image=&#8220;https:\/\/schlossmann-berlin.com\/wp-content\/uploads\/2020\/04\/praxistipps.s3.amazonaws.com_schluessel-nachmachen-kosten-variieren-bild-pixabay-_82be96f4.jpg&#8220; background_blend=&#8220;overlay&#8220;][et_pb_row _builder_version=&#8220;4.3.2&#8243;][et_pb_column type=&#8220;4_4&#8243; _builder_version=&#8220;4.3.2&#8243;][et_pb_text _builder_version=&#8220;4.3.2&#8243; header_font=&#8220;|600|||||||&#8220; header_text_align=&#8220;center&#8220; header_text_color=&#8220;#ffffff&#8220; header_font_size=&#8220;32px&#8220; header_line_height=&#8220;1.1em&#8220;]<\/p>\n<h1 class=\"et_pb_module_header et-fb-editable-element et-fb-editable-element__editing\" data-shortcode-id=\"0.0-1590237456704\" data-quickaccess-id=\"title\" contenteditable=\"true\" style=\"text-align: center;\">Schl\u00fcsselschneiden<\/h1>\n<p>[\/et_pb_text][\/et_pb_column][\/et_pb_row][et_pb_row _builder_version=&#8220;4.3.2&#8243;][et_pb_column type=&#8220;4_4&#8243; _builder_version=&#8220;4.3.2&#8243;][et_pb_text _builder_version=&#8220;4.3.2&#8243; text_text_color=&#8220;#ffffff&#8220; text_font_size=&#8220;17px&#8220; text_line_height=&#8220;1.8em&#8220;]<\/p>\n<p style=\"text-align: center;\">Wir fertigen und schneiden f\u00fcr Sie <span>fast alle<\/span> Schl\u00fcssel an.<\/p>\n<p style=\"text-align: center;\">Und das g\u00fcnstig schon ab 4,- Euro<\/p>\n<p>[\/et_pb_text][\/et_pb_column][\/et_pb_row][et_pb_row _builder_version=&#8220;4.3.2&#8243;][et_pb_column type=&#8220;4_4&#8243; _builder_version=&#8220;4.3.2&#8243;][et_pb_button button_url=&#8220;https:\/\/schlossmann-berlin.com\/#kontakt&#8220; button_text=&#8220;Kontakt Aufnehmen&#8220; button_alignment=&#8220;center&#8220; _builder_version=&#8220;4.3.2&#8243; custom_button=&#8220;on&#8220; button_text_color=&#8220;#ffffff&#8220;][\/et_pb_button][\/et_pb_column][\/et_pb_row][\/et_pb_section][et_pb_section fb_built=&#8220;1&#8243; _builder_version=&#8220;4.3.2&#8243; custom_padding=&#8220;0px|||||&#8220;][et_pb_row column_structure=&#8220;1_2,1_2&#8243; _builder_version=&#8220;4.3.2&#8243; custom_padding=&#8220;||0px|||&#8220;][et_pb_column type=&#8220;1_2&#8243; _builder_version=&#8220;4.3.2&#8243;][et_pb_text _builder_version=&#8220;4.3.2&#8243; text_font=&#8220;|700|||||||&#8220; text_font_size=&#8220;27px&#8220; text_line_height=&#8220;1.8em&#8220; custom_margin=&#8220;||80px|||&#8220;]<\/p>\n<p style=\"text-align: center;\">&#8211; BKS<\/p>\n<p>[\/et_pb_text][et_pb_text _builder_version=&#8220;4.3.2&#8243; background_image=&#8220;https:\/\/schlossmann-berlin.com\/wp-content\/uploads\/2020\/04\/WhatsApp-Image-2020-03-07-at-12.33.29-1.jpeg&#8220; background_size=&#8220;contain&#8220; custom_margin=&#8220;||61px|||&#8220;]<\/p>\n<p>&nbsp;<\/p>\n<p>&nbsp;<\/p>\n<p>&nbsp;<\/p>\n<p>&nbsp;<\/p>\n<p>&nbsp;<\/p>\n<p>&nbsp;<\/p>\n<p>&nbsp;<\/p>\n<p>&nbsp;<\/p>\n<p>[\/et_pb_text][\/et_pb_column][et_pb_column type=&#8220;1_2&#8243; _builder_version=&#8220;4.3.2&#8243;][et_pb_text _builder_version=&#8220;4.3.2&#8243; text_font=&#8220;|700|||||||&#8220; text_font_size=&#8220;27px&#8220; text_line_height=&#8220;1.8em&#8220; custom_margin=&#8220;||80px|||&#8220;]<\/p>\n<p style=\"text-align: center;\">&#8211; ABUS<\/p>\n<p>[\/et_pb_text][et_pb_text _builder_version=&#8220;4.3.2&#8243; background_image=&#8220;https:\/\/schlossmann-berlin.com\/wp-content\/uploads\/2020\/04\/WhatsApp-Image-2020-03-07-at-12.33.38-1.jpeg&#8220; custom_margin=&#8220;||54px|||&#8220;]<\/p>\n<p>&nbsp;<\/p>\n<p>&nbsp;<\/p>\n<p>&nbsp;<\/p>\n<p>&nbsp;<\/p>\n<p>&nbsp;<\/p>\n<p>&nbsp;<\/p>\n<p>&nbsp;<\/p>\n<p>&nbsp;<\/p>\n<p>[\/et_pb_text][\/et_pb_column][\/et_pb_row][et_pb_row _builder_version=&#8220;4.3.2&#8243; custom_margin=&#8220;-55px|auto||auto||&#8220;][et_pb_column type=&#8220;4_4&#8243; _builder_version=&#8220;4.3.2&#8243;][et_pb_text _builder_version=&#8220;4.3.2&#8243; text_font=&#8220;|700|||||||&#8220; text_font_size=&#8220;27px&#8220; text_line_height=&#8220;1.8em&#8220; custom_margin=&#8220;||80px|||&#8220;]<\/p>\n<p style=\"text-align: center;\">&#8211; ABUS Bravus 1000 und 2000<\/p>\n<p>[\/et_pb_text][et_pb_text _builder_version=&#8220;4.3.2&#8243; background_image=&#8220;https:\/\/schlossmann-berlin.com\/wp-content\/uploads\/2020\/04\/WhatsApp-Image-2020-03-07-at-12.26.30.jpeg&#8220; background_size=&#8220;contain&#8220;]<\/p>\n<p>&nbsp;<\/p>\n<p>&nbsp;<\/p>\n<p>&nbsp;<\/p>\n<p>&nbsp;<\/p>\n<p>&nbsp;<\/p>\n<p>&nbsp;<\/p>\n<p>&nbsp;<\/p>\n<p>&nbsp;<\/p>\n<p>[\/et_pb_text][\/et_pb_column][\/et_pb_row][\/et_pb_section][et_pb_section fb_built=&#8220;1&#8243; _builder_version=&#8220;4.3.2&#8243; box_shadow_style=&#8220;preset6&#8243; box_shadow_blur=&#8220;22px&#8220; box_shadow_spread=&#8220;3px&#8220; box_shadow_color=&#8220;#62aab8&#8243;][et_pb_row _builder_version=&#8220;4.3.2&#8243;][et_pb_column type=&#8220;4_4&#8243; _builder_version=&#8220;4.3.2&#8243;][et_pb_text _builder_version=&#8220;4.3.2&#8243; header_3_font_size=&#8220;25px&#8220;]<\/p>\n<h3 style=\"text-align: center;\"><span>24 Stunden Service in Berlin Neuk\u00f6lln und Kreuzberg<\/span><\/h3>\n<p>[\/et_pb_text][et_pb_text _builder_version=&#8220;4.3.2&#8243;]<\/p>\n<h3 style=\"text-align: center;\"><span>Rufen Sie uns Jetzt an!<\/span><\/h3>\n<p>[\/et_pb_text][\/et_pb_column][\/et_pb_row][et_pb_row column_structure=&#8220;1_2,1_2&#8243; _builder_version=&#8220;4.3.2&#8243;][et_pb_column type=&#8220;1_2&#8243; _builder_version=&#8220;4.3.2&#8243;][et_pb_text _builder_version=&#8220;4.3.2&#8243; text_text_color=&#8220;#ffffff&#8220; text_font_size=&#8220;26px&#8220; text_line_height=&#8220;1.8em&#8220; background_color=&#8220;#62aab8&#8243; link_option_url=&#8220;tel:03099546018&#8243;]<\/p>\n<p style=\"text-align: center;\">Festnetz<\/p>\n<p>[\/et_pb_text][\/et_pb_column][et_pb_column type=&#8220;1_2&#8243; _builder_version=&#8220;4.3.2&#8243;][et_pb_text _builder_version=&#8220;4.3.2&#8243; text_text_color=&#8220;#ffffff&#8220; text_font_size=&#8220;26px&#8220; text_line_height=&#8220;1.8em&#8220; background_color=&#8220;#62aab8&#8243; link_option_url=&#8220;tel:+4917662368872&#8243; hover_enabled=&#8220;0&#8243;]<\/p>\n<p style=\"text-align: center;\">Mobil<\/p>\n<p>[\/et_pb_text][\/et_pb_column][\/et_pb_row][\/et_pb_section][et_pb_section fb_built=&#8220;1&#8243; _builder_version=&#8220;4.3.2&#8243; custom_padding=&#8220;||3px|||&#8220;][et_pb_row column_structure=&#8220;1_4,1_4,1_4,1_4&#8243; _builder_version=&#8220;4.3.2&#8243;][et_pb_column type=&#8220;1_4&#8243; _builder_version=&#8220;4.3.2&#8243;][et_pb_blurb title=&#8220;Kottbusser Damm 79&#8243; use_icon=&#8220;on&#8220; font_icon=&#8220;%%59%%&#8220; icon_color=&#8220;#62aab8&#8243; icon_placement=&#8220;left&#8220; use_icon_font_size=&#8220;on&#8220; icon_font_size=&#8220;42px&#8220; _builder_version=&#8220;4.3.2&#8243; header_font=&#8220;|600|||||||&#8220; header_font_size=&#8220;22px&#8220; header_line_height=&#8220;1.1em&#8220; locked=&#8220;off&#8220;][\/et_pb_blurb][\/et_pb_column][et_pb_column type=&#8220;1_4&#8243; _builder_version=&#8220;4.3.2&#8243;][et_pb_blurb title=&#8220;10967 Berlin&#8220; use_icon=&#8220;on&#8220; font_icon=&#8220;%%59%%&#8220; icon_color=&#8220;#62aab8&#8243; icon_placement=&#8220;left&#8220; use_icon_font_size=&#8220;on&#8220; icon_font_size=&#8220;42px&#8220; _builder_version=&#8220;4.3.2&#8243; header_font=&#8220;|600|||||||&#8220; header_font_size=&#8220;22px&#8220; header_line_height=&#8220;1.1em&#8220; locked=&#8220;off&#8220;][\/et_pb_blurb][\/et_pb_column][et_pb_column type=&#8220;1_4&#8243; _builder_version=&#8220;4.3.2&#8243;][et_pb_blurb title=&#8220;+030 995 460 18&#8243; use_icon=&#8220;on&#8220; font_icon=&#8220;%%59%%&#8220; icon_color=&#8220;#62aab8&#8243; icon_placement=&#8220;left&#8220; use_icon_font_size=&#8220;on&#8220; icon_font_size=&#8220;42px&#8220; _builder_version=&#8220;4.3.2&#8243; header_font=&#8220;|600|||||||&#8220; header_font_size=&#8220;22px&#8220; header_line_height=&#8220;1.1em&#8220; locked=&#8220;off&#8220;][\/et_pb_blurb][\/et_pb_column][et_pb_column type=&#8220;1_4&#8243; _builder_version=&#8220;4.3.2&#8243;][et_pb_blurb title=&#8220;info@schlossmann-berlin.com&#8220; use_icon=&#8220;on&#8220; font_icon=&#8220;%%59%%&#8220; icon_color=&#8220;#62aab8&#8243; icon_placement=&#8220;left&#8220; use_icon_font_size=&#8220;on&#8220; icon_font_size=&#8220;42px&#8220; _builder_version=&#8220;4.3.2&#8243; header_font=&#8220;|600|||||||&#8220; header_font_size=&#8220;22px&#8220; header_line_height=&#8220;1.1em&#8220; locked=&#8220;off&#8220;][\/et_pb_blurb][\/et_pb_column][\/et_pb_row][\/et_pb_section][et_pb_section fb_built=&#8220;1&#8243; fullwidth=&#8220;on&#8220; _builder_version=&#8220;4.3.2&#8243;][et_pb_fullwidth_image src=&#8220;https:\/\/schlossmann-berlin.com\/wp-content\/uploads\/2020\/05\/Schlossmann-Maps.png&#8220; url=&#8220;https:\/\/www.google.com\/maps\/place\/Kottbusser+Damm+79,+10967+Berlin\/@52.4915992,13.4230647,17.54z\/data=!4m5!3m4!1s0x47a84fb602640e9b:0xc4f4e81a872e473!8m2!3d52.491453!4d13.423326&#8243; url_new_window=&#8220;on&#8220; _builder_version=&#8220;4.3.2&#8243;][\/et_pb_fullwidth_image][\/et_pb_section]<\/p>\n","protected":false},"excerpt":{"rendered":"<p>Wir fertigen und schneiden f\u00fcr Sie fast alle Schl\u00fcssel an. Und das g\u00fcnstig schon ab 4,- EuroSchl\u00fcsselschneidenWir fertigen und schneiden f\u00fcr Sie fast alle Schl\u00fcssel an. Und das g\u00fcnstig schon ab 4,- Euro- BKS&nbsp; &nbsp; &nbsp; &nbsp; &nbsp; &nbsp; &nbsp; &nbsp;&#8211; ABUS&nbsp; &nbsp; &nbsp; &nbsp; &nbsp; &nbsp; &nbsp; &nbsp;&#8211; ABUS Bravus 1000 und 2000&nbsp; &nbsp; [&hellip;]<\/p>\n","protected":false},"author":1,"featured_media":0,"parent":0,"menu_order":0,"comment_status":"closed","ping_status":"closed","template":"","meta":{"_et_pb_use_builder":"on","_et_pb_old_content":"","_et_gb_content_width":"","footnotes":""},"class_list":["post-93","page","type-page","status-publish","hentry"],"_links":{"self":[{"href":"https:\/\/schlossmann-berlin.com\/index.php?rest_route=\/wp\/v2\/pages\/93","targetHints":{"allow":["GET"]}}],"collection":[{"href":"https:\/\/schlossmann-berlin.com\/index.php?rest_route=\/wp\/v2\/pages"}],"about":[{"href":"https:\/\/schlossmann-berlin.com\/index.php?rest_route=\/wp\/v2\/types\/page"}],"author":[{"embeddable":true,"href":"https:\/\/schlossmann-berlin.com\/index.php?rest_route=\/wp\/v2\/users\/1"}],"replies":[{"embeddable":true,"href":"https:\/\/schlossmann-berlin.com\/index.php?rest_route=%2Fwp%2Fv2%2Fcomments&post=93"}],"version-history":[{"count":15,"href":"https:\/\/schlossmann-berlin.com\/index.php?rest_route=\/wp\/v2\/pages\/93\/revisions"}],"predecessor-version":[{"id":244,"href":"https:\/\/schlossmann-berlin.com\/index.php?rest_route=\/wp\/v2\/pages\/93\/revisions\/244"}],"wp:attachment":[{"href":"https:\/\/schlossmann-berlin.com\/index.php?rest_route=%2Fwp%2Fv2%2Fmedia&parent=93"}],"curies":[{"name":"wp","href":"https:\/\/api.w.org\/{rel}","templated":true}]}}